{"id":29084,"date":"2021-11-19T12:55:44","date_gmt":"2021-11-19T11:55:44","guid":{"rendered":"https:\/\/sous-traitance.ch\/home\/"},"modified":"2024-04-29T15:17:35","modified_gmt":"2024-04-29T13:17:35","slug":"home","status":"publish","type":"page","link":"https:\/\/sous-traitance.ch\/de\/","title":{"rendered":"Home"},"content":{"rendered":"\t\t<div data-elementor-type=\"wp-page\" data-elementor-id=\"29084\" class=\"elementor elementor-29084 elementor-28961\" data-elementor-post-type=\"page\">\n\t\t\t\t\t\t<section class=\"elementor-section elementor-top-section elementor-element elementor-element-bb66092 elementor-section-full_width elementor-section-stretched elementor-section-height-min-height elementor-section-height-default elementor-section-items-middle\" data-id=\"bb66092\" data-element_type=\"section\" data-settings=\"{&quot;stretch_section&quot;:&quot;section-stretched&quot;,&quot;background_background&quot;:&quot;classic&quot;}\">\n\t\t\t\t\t\t\t<div class=\"elementor-background-overlay\"><\/div>\n\t\t\t\t\t\t\t<div class=\"elementor-container elementor-column-gap-no\">\n\t\t\t\t\t<div class=\"elementor-column elementor-col-100 elementor-top-column elementor-element elementor-element-c3ab086\" data-id=\"c3ab086\" data-element_type=\"column\" data-settings=\"{&quot;background_background&quot;:&quot;classic&quot;,&quot;animation&quot;:&quot;none&quot;}\">\n\t\t\t<div class=\"elementor-widget-wrap elementor-element-populated\">\n\t\t\t\t\t<div class=\"elementor-background-overlay\"><\/div>\n\t\t\t\t\t\t<div class=\"elementor-element elementor-element-6ea5b23 animated-slow elementor-invisible elementor-widget elementor-widget-heading\" data-id=\"6ea5b23\" data-element_type=\"widget\" data-settings=\"{&quot;_animation&quot;:&quot;fadeInUp&quot;}\" data-widget_type=\"heading.default\">\n\t\t\t\t<div class=\"elementor-widget-container\">\n\t\t\t\t\t<h2 class=\"elementor-heading-title elementor-size-default\">Auf der Suche nach einem Vertrauenspartner<br>\nf\u00fcr die Bearbeitung von prismatischen Pr\u00e4zisionsteilen?<\/h2>\t\t\t\t<\/div>\n\t\t\t\t<\/div>\n\t\t\t\t\t<\/div>\n\t\t<\/div>\n\t\t\t\t\t<\/div>\n\t\t<\/section>\n\t\t\t\t<section class=\"elementor-section elementor-top-section elementor-element elementor-element-e941a09 elementor-section-full_width elementor-section-height-min-height elementor-section-stretched elementor-section-height-default elementor-section-items-middle\" data-id=\"e941a09\" data-element_type=\"section\" id=\"a-propos\" data-settings=\"{&quot;stretch_section&quot;:&quot;section-stretched&quot;}\">\n\t\t\t\t\t\t\t<div class=\"elementor-background-overlay\"><\/div>\n\t\t\t\t\t\t\t<div class=\"elementor-container elementor-column-gap-no\">\n\t\t\t\t\t<div class=\"elementor-column elementor-col-50 elementor-top-column elementor-element elementor-element-359997b\" data-id=\"359997b\" data-element_type=\"column\">\n\t\t\t<div class=\"elementor-widget-wrap elementor-element-populated\">\n\t\t\t\t\t\t<div class=\"elementor-element elementor-element-7fbf3d4 elementor-widget elementor-widget-heading\" data-id=\"7fbf3d4\" data-element_type=\"widget\" data-widget_type=\"heading.default\">\n\t\t\t\t<div class=\"elementor-widget-container\">\n\t\t\t\t\t<h2 class=\"elementor-heading-title elementor-size-default\">\u00fcber uns\n<\/h2>\t\t\t\t<\/div>\n\t\t\t\t<\/div>\n\t\t\t\t<div class=\"elementor-element elementor-element-d7af353 elementor-widget elementor-widget-text-editor\" data-id=\"d7af353\" data-element_type=\"widget\" data-widget_type=\"text-editor.default\">\n\t\t\t\t<div class=\"elementor-widget-container\">\n\t\t\t\t\t\t\t\t\t<p>Unser Unternehmen im Yverdon-les-Bains ist auf den Bereich der mechanischen Lohnfertigung spezialisiert. Wir haben Erfahrung in der Bearbeitung aller Arten von Teilen und Materialien und werden Ihre Anforderungen voll und ganz erf\u00fcllen, dank unseres leistungsf\u00e4higen und optimierten CNC-Maschinenparks. Als 100% &#8222;Swiss Made&#8220; legen wir grossen Wert darauf, unsere Versprechen in Bezug auf Qualit\u00e4t, Preis und Fristen einzuhalten.<\/p>\n\t\t\t\t\t\t\t\t<\/div>\n\t\t\t\t<\/div>\n\t\t\t\t\t<\/div>\n\t\t<\/div>\n\t\t\t\t<div class=\"elementor-column elementor-col-50 elementor-top-column elementor-element elementor-element-5769e15\" data-id=\"5769e15\" data-element_type=\"column\" data-settings=\"{&quot;background_background&quot;:&quot;slideshow&quot;,&quot;background_slideshow_gallery&quot;:[{&quot;id&quot;:28964,&quot;url&quot;:&quot;https:\\\/\\\/sous-traitance.ch\\\/wp-content\\\/uploads\\\/2021\\\/11\\\/Precision.jpg&quot;},{&quot;id&quot;:28963,&quot;url&quot;:&quot;https:\\\/\\\/sous-traitance.ch\\\/wp-content\\\/uploads\\\/2021\\\/11\\\/Evard_Focus_homepage.jpg&quot;}],&quot;background_slideshow_ken_burns&quot;:&quot;yes&quot;,&quot;background_slideshow_loop&quot;:&quot;yes&quot;,&quot;background_slideshow_slide_duration&quot;:5000,&quot;background_slideshow_slide_transition&quot;:&quot;fade&quot;,&quot;background_slideshow_transition_duration&quot;:500,&quot;background_slideshow_ken_burns_zoom_direction&quot;:&quot;in&quot;}\">\n\t\t\t<div class=\"elementor-widget-wrap elementor-element-populated\">\n\t\t\t\t\t\t<div class=\"elementor-element elementor-element-05ee504 elementor-widget elementor-widget-spacer\" data-id=\"05ee504\" data-element_type=\"widget\" data-widget_type=\"spacer.default\">\n\t\t\t\t<div class=\"elementor-widget-container\">\n\t\t\t\t\t\t\t<div class=\"elementor-spacer\">\n\t\t\t<div class=\"elementor-spacer-inner\"><\/div>\n\t\t<\/div>\n\t\t\t\t\t\t<\/div>\n\t\t\t\t<\/div>\n\t\t\t\t\t<\/div>\n\t\t<\/div>\n\t\t\t\t\t<\/div>\n\t\t<\/section>\n\t\t\t\t<section class=\"elementor-section elementor-top-section elementor-element elementor-element-3de2f75 elementor-section-stretched elementor-section-boxed elementor-section-height-default elementor-section-height-default\" data-id=\"3de2f75\" data-element_type=\"section\" id=\"nos-capacites\" data-settings=\"{&quot;stretch_section&quot;:&quot;section-stretched&quot;,&quot;background_background&quot;:&quot;classic&quot;}\">\n\t\t\t\t\t\t\t<div class=\"elementor-background-overlay\"><\/div>\n\t\t\t\t\t\t\t<div class=\"elementor-container elementor-column-gap-default\">\n\t\t\t\t\t<div class=\"elementor-column elementor-col-100 elementor-top-column elementor-element elementor-element-e3286dd\" data-id=\"e3286dd\" data-element_type=\"column\">\n\t\t\t<div class=\"elementor-widget-wrap elementor-element-populated\">\n\t\t\t\t\t\t<div class=\"elementor-element elementor-element-fadb384 elementor-widget elementor-widget-spacer\" data-id=\"fadb384\" data-element_type=\"widget\" data-widget_type=\"spacer.default\">\n\t\t\t\t<div class=\"elementor-widget-container\">\n\t\t\t\t\t\t\t<div class=\"elementor-spacer\">\n\t\t\t<div class=\"elementor-spacer-inner\"><\/div>\n\t\t<\/div>\n\t\t\t\t\t\t<\/div>\n\t\t\t\t<\/div>\n\t\t\t\t<div class=\"elementor-element elementor-element-2ceebc6 elementor-widget elementor-widget-heading\" data-id=\"2ceebc6\" data-element_type=\"widget\" data-widget_type=\"heading.default\">\n\t\t\t\t<div class=\"elementor-widget-container\">\n\t\t\t\t\t<h2 class=\"elementor-heading-title elementor-size-default\">Kapazit\u00e4ten\n<\/h2>\t\t\t\t<\/div>\n\t\t\t\t<\/div>\n\t\t\t\t<div class=\"elementor-element elementor-element-a57adce elementor-widget elementor-widget-text-editor\" data-id=\"a57adce\" data-element_type=\"widget\" data-widget_type=\"text-editor.default\">\n\t\t\t\t<div class=\"elementor-widget-container\">\n\t\t\t\t\t\t\t\t\t<p>Maschine: 3-Achsen, 4-Achsen, 5-Achsen und 5-Achsen simultan Fr\u00e4sen<\/p>\n\t\t\t\t\t\t\t\t<\/div>\n\t\t\t\t<\/div>\n\t\t\t\t<div class=\"elementor-element elementor-element-fedab2e elementor-hidden-mobile elementor-widget elementor-widget-spacer\" data-id=\"fedab2e\" data-element_type=\"widget\" data-widget_type=\"spacer.default\">\n\t\t\t\t<div class=\"elementor-widget-container\">\n\t\t\t\t\t\t\t<div class=\"elementor-spacer\">\n\t\t\t<div class=\"elementor-spacer-inner\"><\/div>\n\t\t<\/div>\n\t\t\t\t\t\t<\/div>\n\t\t\t\t<\/div>\n\t\t\t\t<section class=\"elementor-section elementor-inner-section elementor-element elementor-element-58d89af elementor-section-content-middle elementor-section-boxed elementor-section-height-default elementor-section-height-default\" data-id=\"58d89af\" data-element_type=\"section\">\n\t\t\t\t\t\t<div class=\"elementor-container elementor-column-gap-default\">\n\t\t\t\t\t<div class=\"elementor-column elementor-col-50 elementor-inner-column elementor-element elementor-element-7beb5bf\" data-id=\"7beb5bf\" data-element_type=\"column\" data-settings=\"{&quot;background_background&quot;:&quot;classic&quot;}\">\n\t\t\t<div class=\"elementor-widget-wrap elementor-element-populated\">\n\t\t\t\t\t\t<div class=\"elementor-element elementor-element-87ca760 elementor-widget elementor-widget-image\" data-id=\"87ca760\" data-element_type=\"widget\" data-widget_type=\"image.default\">\n\t\t\t\t<div class=\"elementor-widget-container\">\n\t\t\t\t\t\t\t\t\t\t\t\t\t\t\t<img fetchpriority=\"high\" decoding=\"async\" width=\"563\" height=\"563\" src=\"https:\/\/sous-traitance.ch\/wp-content\/uploads\/2023\/01\/fraisage-2023.png\" class=\"attachment-full size-full wp-image-29213\" alt=\"\" srcset=\"https:\/\/sous-traitance.ch\/wp-content\/uploads\/2023\/01\/fraisage-2023.png 563w, https:\/\/sous-traitance.ch\/wp-content\/uploads\/2023\/01\/fraisage-2023-300x300.png 300w, https:\/\/sous-traitance.ch\/wp-content\/uploads\/2023\/01\/fraisage-2023-150x150.png 150w, https:\/\/sous-traitance.ch\/wp-content\/uploads\/2023\/01\/fraisage-2023-500x500.png 500w\" sizes=\"(max-width: 563px) 100vw, 563px\" \/>\t\t\t\t\t\t\t\t\t\t\t\t\t\t\t<\/div>\n\t\t\t\t<\/div>\n\t\t\t\t<div class=\"elementor-element elementor-element-9746a4a elementor-widget elementor-widget-spacer\" data-id=\"9746a4a\" data-element_type=\"widget\" data-widget_type=\"spacer.default\">\n\t\t\t\t<div class=\"elementor-widget-container\">\n\t\t\t\t\t\t\t<div class=\"elementor-spacer\">\n\t\t\t<div class=\"elementor-spacer-inner\"><\/div>\n\t\t<\/div>\n\t\t\t\t\t\t<\/div>\n\t\t\t\t<\/div>\n\t\t\t\t<div class=\"elementor-element elementor-element-83dc6c0 elementor-widget elementor-widget-heading\" data-id=\"83dc6c0\" data-element_type=\"widget\" data-widget_type=\"heading.default\">\n\t\t\t\t<div class=\"elementor-widget-container\">\n\t\t\t\t\t<h2 class=\"elementor-heading-title elementor-size-default\">Fr\u00e4sen<\/h2>\t\t\t\t<\/div>\n\t\t\t\t<\/div>\n\t\t\t\t\t<\/div>\n\t\t<\/div>\n\t\t\t\t<div class=\"elementor-column elementor-col-50 elementor-inner-column elementor-element elementor-element-7ca261d\" data-id=\"7ca261d\" data-element_type=\"column\" data-settings=\"{&quot;background_background&quot;:&quot;classic&quot;}\">\n\t\t\t<div class=\"elementor-widget-wrap elementor-element-populated\">\n\t\t\t\t\t\t<div class=\"elementor-element elementor-element-3acfffc elementor-widget elementor-widget-image\" data-id=\"3acfffc\" data-element_type=\"widget\" data-widget_type=\"image.default\">\n\t\t\t\t<div class=\"elementor-widget-container\">\n\t\t\t\t\t\t\t\t\t\t\t\t\t\t\t<img decoding=\"async\" width=\"563\" height=\"563\" src=\"https:\/\/sous-traitance.ch\/wp-content\/uploads\/2023\/01\/planage-2023.png\" class=\"attachment-full size-full wp-image-29215\" alt=\"\" srcset=\"https:\/\/sous-traitance.ch\/wp-content\/uploads\/2023\/01\/planage-2023.png 563w, https:\/\/sous-traitance.ch\/wp-content\/uploads\/2023\/01\/planage-2023-300x300.png 300w, https:\/\/sous-traitance.ch\/wp-content\/uploads\/2023\/01\/planage-2023-150x150.png 150w, https:\/\/sous-traitance.ch\/wp-content\/uploads\/2023\/01\/planage-2023-500x500.png 500w\" sizes=\"(max-width: 563px) 100vw, 563px\" \/>\t\t\t\t\t\t\t\t\t\t\t\t\t\t\t<\/div>\n\t\t\t\t<\/div>\n\t\t\t\t<div class=\"elementor-element elementor-element-eaa2ec0 elementor-widget elementor-widget-spacer\" data-id=\"eaa2ec0\" data-element_type=\"widget\" data-widget_type=\"spacer.default\">\n\t\t\t\t<div class=\"elementor-widget-container\">\n\t\t\t\t\t\t\t<div class=\"elementor-spacer\">\n\t\t\t<div class=\"elementor-spacer-inner\"><\/div>\n\t\t<\/div>\n\t\t\t\t\t\t<\/div>\n\t\t\t\t<\/div>\n\t\t\t\t<div class=\"elementor-element elementor-element-c287c59 elementor-widget elementor-widget-heading\" data-id=\"c287c59\" data-element_type=\"widget\" data-widget_type=\"heading.default\">\n\t\t\t\t<div class=\"elementor-widget-container\">\n\t\t\t\t\t<h2 class=\"elementor-heading-title elementor-size-default\">Schleifen<\/h2>\t\t\t\t<\/div>\n\t\t\t\t<\/div>\n\t\t\t\t\t<\/div>\n\t\t<\/div>\n\t\t\t\t\t<\/div>\n\t\t<\/section>\n\t\t\t\t<div class=\"elementor-element elementor-element-03a8123 elementor-widget elementor-widget-spacer\" data-id=\"03a8123\" data-element_type=\"widget\" data-widget_type=\"spacer.default\">\n\t\t\t\t<div class=\"elementor-widget-container\">\n\t\t\t\t\t\t\t<div class=\"elementor-spacer\">\n\t\t\t<div class=\"elementor-spacer-inner\"><\/div>\n\t\t<\/div>\n\t\t\t\t\t\t<\/div>\n\t\t\t\t<\/div>\n\t\t\t\t\t<\/div>\n\t\t<\/div>\n\t\t\t\t\t<\/div>\n\t\t<\/section>\n\t\t\t\t<section class=\"elementor-section elementor-top-section elementor-element elementor-element-2e521d8 elementor-section-boxed elementor-section-height-default elementor-section-height-default\" data-id=\"2e521d8\" data-element_type=\"section\" id=\"faire-une-demande\">\n\t\t\t\t\t\t<div class=\"elementor-container elementor-column-gap-default\">\n\t\t\t\t\t<div class=\"elementor-column elementor-col-100 elementor-top-column elementor-element elementor-element-4230909\" data-id=\"4230909\" data-element_type=\"column\">\n\t\t\t<div class=\"elementor-widget-wrap elementor-element-populated\">\n\t\t\t\t\t\t<div class=\"elementor-element elementor-element-9a20716 elementor-widget elementor-widget-spacer\" data-id=\"9a20716\" data-element_type=\"widget\" data-widget_type=\"spacer.default\">\n\t\t\t\t<div class=\"elementor-widget-container\">\n\t\t\t\t\t\t\t<div class=\"elementor-spacer\">\n\t\t\t<div class=\"elementor-spacer-inner\"><\/div>\n\t\t<\/div>\n\t\t\t\t\t\t<\/div>\n\t\t\t\t<\/div>\n\t\t\t\t<div class=\"elementor-element elementor-element-064866d elementor-align-center elementor-invisible elementor-widget elementor-widget-button\" data-id=\"064866d\" data-element_type=\"widget\" data-settings=\"{&quot;_animation&quot;:&quot;fadeInUp&quot;}\" data-widget_type=\"button.default\">\n\t\t\t\t<div class=\"elementor-widget-container\">\n\t\t\t\t\t\t\t\t\t<div class=\"elementor-button-wrapper\">\n\t\t\t\t\t<a class=\"elementor-button elementor-button-link elementor-size-sm\" href=\"https:\/\/sous-traitance.ch\/de\/kontakt\/#faire-une-demande\">\n\t\t\t\t\t\t<span class=\"elementor-button-content-wrapper\">\n\t\t\t\t\t\t\t\t\t<span class=\"elementor-button-text\">Anfrage stellen<\/span>\n\t\t\t\t\t<\/span>\n\t\t\t\t\t<\/a>\n\t\t\t\t<\/div>\n\t\t\t\t\t\t\t\t<\/div>\n\t\t\t\t<\/div>\n\t\t\t\t<div class=\"elementor-element elementor-element-92bc9a1 elementor-invisible elementor-widget elementor-widget-text-editor\" data-id=\"92bc9a1\" data-element_type=\"widget\" data-settings=\"{&quot;_animation&quot;:&quot;fadeInUp&quot;,&quot;_animation_delay&quot;:50}\" data-widget_type=\"text-editor.default\">\n\t\t\t\t<div class=\"elementor-widget-container\">\n\t\t\t\t\t\t\t\t\t<p>Wir garantieren ein unverbindliches und kostenloses <strong><span style=\"color: #bbca41;\">Angebot innerhalb von 24 Stunden<\/span><\/strong><\/p>\n\t\t\t\t\t\t\t\t<\/div>\n\t\t\t\t<\/div>\n\t\t\t\t<div class=\"elementor-element elementor-element-661b241 elementor-widget elementor-widget-spacer\" data-id=\"661b241\" data-element_type=\"widget\" data-widget_type=\"spacer.default\">\n\t\t\t\t<div class=\"elementor-widget-container\">\n\t\t\t\t\t\t\t<div class=\"elementor-spacer\">\n\t\t\t<div class=\"elementor-spacer-inner\"><\/div>\n\t\t<\/div>\n\t\t\t\t\t\t<\/div>\n\t\t\t\t<\/div>\n\t\t\t\t\t<\/div>\n\t\t<\/div>\n\t\t\t\t\t<\/div>\n\t\t<\/section>\n\t\t\t\t<\/div>\n\t\t","protected":false},"excerpt":{"rendered":"<p>Auf der Suche nach einem Vertrauenspartner f\u00fcr die Bearbeitung von prismatischen Pr\u00e4zisionsteilen? \u00fcber uns Unser Unternehmen im Yverdon-les-Bains ist auf den Bereich der mechanischen Lohnfertigung spezialisiert. Wir haben Erfahrung in der Bearbeitung aller Arten von Teilen und Materialien und werden Ihre Anforderungen voll und ganz erf\u00fcllen, dank unseres leistungsf\u00e4higen und optimierten CNC-Maschinenparks. Als 100% &#8222;Swiss [&hellip;]<\/p>\n","protected":false},"author":1,"featured_media":29068,"parent":0,"menu_order":0,"comment_status":"closed","ping_status":"closed","template":"","meta":{"_acf_changed":false,"_monsterinsights_skip_tracking":false,"_monsterinsights_sitenote_active":false,"_monsterinsights_sitenote_note":"","_monsterinsights_sitenote_category":0,"footnotes":""},"class_list":["post-29084","page","type-page","status-publish","has-post-thumbnail","hentry"],"acf":[],"yoast_head":"<!-- This site is optimized with the Yoast SEO plugin v24.7 - https:\/\/yoast.com\/wordpress\/plugins\/seo\/ -->\n<title>Pr\u00e4zisionsbearbeitung in Yverdon - sous-traitance.ch<\/title>\n<meta name=\"description\" content=\"Firma aus Yverdon, auf mechanische Lohnfertigung spezialisiert. Fr\u00e4sen von prismatischen Teilen aller Art \/ Materialien. Pr\u00e4zisionsbearbeitung. Effiziente CNC-Maschinen.\" \/>\n<meta name=\"robots\" content=\"index, follow, max-snippet:-1, max-image-preview:large, max-video-preview:-1\" \/>\n<link rel=\"canonical\" href=\"https:\/\/sous-traitance.ch\/de\/\" \/>\n<meta property=\"og:locale\" content=\"de_DE\" \/>\n<meta property=\"og:type\" content=\"article\" \/>\n<meta property=\"og:title\" content=\"Pr\u00e4zisionsbearbeitung in Yverdon - sous-traitance.ch\" \/>\n<meta property=\"og:description\" content=\"Firma aus Yverdon, auf mechanische Lohnfertigung spezialisiert. Fr\u00e4sen von prismatischen Teilen aller Art \/ Materialien. Pr\u00e4zisionsbearbeitung. Effiziente CNC-Maschinen.\" \/>\n<meta property=\"og:url\" content=\"https:\/\/sous-traitance.ch\/de\/\" \/>\n<meta property=\"og:site_name\" content=\"sous-traitance.ch\" \/>\n<meta property=\"article:modified_time\" content=\"2024-04-29T13:17:35+00:00\" \/>\n<meta property=\"og:image\" content=\"https:\/\/sous-traitance.ch\/wp-content\/uploads\/2021\/11\/logo-sous-traitance-2-a-la-une.jpg\" \/>\n\t<meta property=\"og:image:width\" content=\"970\" \/>\n\t<meta property=\"og:image:height\" content=\"706\" \/>\n\t<meta property=\"og:image:type\" content=\"image\/jpeg\" \/>\n<meta name=\"twitter:card\" content=\"summary_large_image\" \/>\n<meta name=\"twitter:label1\" content=\"Gesch\u00e4tzte Lesezeit\" \/>\n\t<meta name=\"twitter:data1\" content=\"1\u00a0Minute\" \/>\n<script type=\"application\/ld+json\" class=\"yoast-schema-graph\">{\"@context\":\"https:\/\/schema.org\",\"@graph\":[{\"@type\":\"WebPage\",\"@id\":\"https:\/\/sous-traitance.ch\/de\/\",\"url\":\"https:\/\/sous-traitance.ch\/de\/\",\"name\":\"Pr\u00e4zisionsbearbeitung in Yverdon - sous-traitance.ch\",\"isPartOf\":{\"@id\":\"https:\/\/sous-traitance.ch\/de\/#website\"},\"primaryImageOfPage\":{\"@id\":\"https:\/\/sous-traitance.ch\/de\/#primaryimage\"},\"image\":{\"@id\":\"https:\/\/sous-traitance.ch\/de\/#primaryimage\"},\"thumbnailUrl\":\"https:\/\/sous-traitance.ch\/wp-content\/uploads\/2021\/11\/logo-sous-traitance-2-a-la-une.jpg\",\"datePublished\":\"2021-11-19T11:55:44+00:00\",\"dateModified\":\"2024-04-29T13:17:35+00:00\",\"description\":\"Firma aus Yverdon, auf mechanische Lohnfertigung spezialisiert. Fr\u00e4sen von prismatischen Teilen aller Art \/ Materialien. Pr\u00e4zisionsbearbeitung. Effiziente CNC-Maschinen.\",\"breadcrumb\":{\"@id\":\"https:\/\/sous-traitance.ch\/de\/#breadcrumb\"},\"inLanguage\":\"de\",\"potentialAction\":[{\"@type\":\"ReadAction\",\"target\":[\"https:\/\/sous-traitance.ch\/de\/\"]}]},{\"@type\":\"ImageObject\",\"inLanguage\":\"de\",\"@id\":\"https:\/\/sous-traitance.ch\/de\/#primaryimage\",\"url\":\"https:\/\/sous-traitance.ch\/wp-content\/uploads\/2021\/11\/logo-sous-traitance-2-a-la-une.jpg\",\"contentUrl\":\"https:\/\/sous-traitance.ch\/wp-content\/uploads\/2021\/11\/logo-sous-traitance-2-a-la-une.jpg\",\"width\":970,\"height\":706},{\"@type\":\"BreadcrumbList\",\"@id\":\"https:\/\/sous-traitance.ch\/de\/#breadcrumb\",\"itemListElement\":[{\"@type\":\"ListItem\",\"position\":1,\"name\":\"Accueil\",\"item\":\"https:\/\/sous-traitance.ch\/de\/home\/\"},{\"@type\":\"ListItem\",\"position\":2,\"name\":\"Home\"}]},{\"@type\":\"WebSite\",\"@id\":\"https:\/\/sous-traitance.ch\/de\/#website\",\"url\":\"https:\/\/sous-traitance.ch\/de\/\",\"name\":\"sous-traitance.ch\",\"description\":\"sous-traitance m\u00e9canique - Usinage de pr\u00e9cision - Yverdon\",\"publisher\":{\"@id\":\"https:\/\/sous-traitance.ch\/de\/#organization\"},\"potentialAction\":[{\"@type\":\"SearchAction\",\"target\":{\"@type\":\"EntryPoint\",\"urlTemplate\":\"https:\/\/sous-traitance.ch\/de\/?s={search_term_string}\"},\"query-input\":{\"@type\":\"PropertyValueSpecification\",\"valueRequired\":true,\"valueName\":\"search_term_string\"}}],\"inLanguage\":\"de\"},{\"@type\":\"Organization\",\"@id\":\"https:\/\/sous-traitance.ch\/de\/#organization\",\"name\":\"sous-traitance.ch - Usinage de pr\u00e9cision\",\"alternateName\":\"sous-traitance m\u00e9canique - Usinage de pr\u00e9cision\",\"url\":\"https:\/\/sous-traitance.ch\/de\/\",\"logo\":{\"@type\":\"ImageObject\",\"inLanguage\":\"de\",\"@id\":\"https:\/\/sous-traitance.ch\/de\/#\/schema\/logo\/image\/\",\"url\":\"https:\/\/sous-traitance.ch\/wp-content\/uploads\/2021\/11\/logo-sous-traitance-2-a-la-une.jpg\",\"contentUrl\":\"https:\/\/sous-traitance.ch\/wp-content\/uploads\/2021\/11\/logo-sous-traitance-2-a-la-une.jpg\",\"width\":970,\"height\":706,\"caption\":\"sous-traitance.ch - Usinage de pr\u00e9cision\"},\"image\":{\"@id\":\"https:\/\/sous-traitance.ch\/de\/#\/schema\/logo\/image\/\"}}]}<\/script>\n<!-- \/ Yoast SEO plugin. -->","yoast_head_json":{"title":"Pr\u00e4zisionsbearbeitung in Yverdon - sous-traitance.ch","description":"Firma aus Yverdon, auf mechanische Lohnfertigung spezialisiert. Fr\u00e4sen von prismatischen Teilen aller Art \/ Materialien. Pr\u00e4zisionsbearbeitung. Effiziente CNC-Maschinen.","robots":{"index":"index","follow":"follow","max-snippet":"max-snippet:-1","max-image-preview":"max-image-preview:large","max-video-preview":"max-video-preview:-1"},"canonical":"https:\/\/sous-traitance.ch\/de\/","og_locale":"de_DE","og_type":"article","og_title":"Pr\u00e4zisionsbearbeitung in Yverdon - sous-traitance.ch","og_description":"Firma aus Yverdon, auf mechanische Lohnfertigung spezialisiert. Fr\u00e4sen von prismatischen Teilen aller Art \/ Materialien. Pr\u00e4zisionsbearbeitung. Effiziente CNC-Maschinen.","og_url":"https:\/\/sous-traitance.ch\/de\/","og_site_name":"sous-traitance.ch","article_modified_time":"2024-04-29T13:17:35+00:00","og_image":[{"width":970,"height":706,"url":"https:\/\/sous-traitance.ch\/wp-content\/uploads\/2021\/11\/logo-sous-traitance-2-a-la-une.jpg","type":"image\/jpeg"}],"twitter_card":"summary_large_image","twitter_misc":{"Gesch\u00e4tzte Lesezeit":"1\u00a0Minute"},"schema":{"@context":"https:\/\/schema.org","@graph":[{"@type":"WebPage","@id":"https:\/\/sous-traitance.ch\/de\/","url":"https:\/\/sous-traitance.ch\/de\/","name":"Pr\u00e4zisionsbearbeitung in Yverdon - sous-traitance.ch","isPartOf":{"@id":"https:\/\/sous-traitance.ch\/de\/#website"},"primaryImageOfPage":{"@id":"https:\/\/sous-traitance.ch\/de\/#primaryimage"},"image":{"@id":"https:\/\/sous-traitance.ch\/de\/#primaryimage"},"thumbnailUrl":"https:\/\/sous-traitance.ch\/wp-content\/uploads\/2021\/11\/logo-sous-traitance-2-a-la-une.jpg","datePublished":"2021-11-19T11:55:44+00:00","dateModified":"2024-04-29T13:17:35+00:00","description":"Firma aus Yverdon, auf mechanische Lohnfertigung spezialisiert. Fr\u00e4sen von prismatischen Teilen aller Art \/ Materialien. Pr\u00e4zisionsbearbeitung. Effiziente CNC-Maschinen.","breadcrumb":{"@id":"https:\/\/sous-traitance.ch\/de\/#breadcrumb"},"inLanguage":"de","potentialAction":[{"@type":"ReadAction","target":["https:\/\/sous-traitance.ch\/de\/"]}]},{"@type":"ImageObject","inLanguage":"de","@id":"https:\/\/sous-traitance.ch\/de\/#primaryimage","url":"https:\/\/sous-traitance.ch\/wp-content\/uploads\/2021\/11\/logo-sous-traitance-2-a-la-une.jpg","contentUrl":"https:\/\/sous-traitance.ch\/wp-content\/uploads\/2021\/11\/logo-sous-traitance-2-a-la-une.jpg","width":970,"height":706},{"@type":"BreadcrumbList","@id":"https:\/\/sous-traitance.ch\/de\/#breadcrumb","itemListElement":[{"@type":"ListItem","position":1,"name":"Accueil","item":"https:\/\/sous-traitance.ch\/de\/home\/"},{"@type":"ListItem","position":2,"name":"Home"}]},{"@type":"WebSite","@id":"https:\/\/sous-traitance.ch\/de\/#website","url":"https:\/\/sous-traitance.ch\/de\/","name":"sous-traitance.ch","description":"sous-traitance m\u00e9canique - Usinage de pr\u00e9cision - Yverdon","publisher":{"@id":"https:\/\/sous-traitance.ch\/de\/#organization"},"potentialAction":[{"@type":"SearchAction","target":{"@type":"EntryPoint","urlTemplate":"https:\/\/sous-traitance.ch\/de\/?s={search_term_string}"},"query-input":{"@type":"PropertyValueSpecification","valueRequired":true,"valueName":"search_term_string"}}],"inLanguage":"de"},{"@type":"Organization","@id":"https:\/\/sous-traitance.ch\/de\/#organization","name":"sous-traitance.ch - Usinage de pr\u00e9cision","alternateName":"sous-traitance m\u00e9canique - Usinage de pr\u00e9cision","url":"https:\/\/sous-traitance.ch\/de\/","logo":{"@type":"ImageObject","inLanguage":"de","@id":"https:\/\/sous-traitance.ch\/de\/#\/schema\/logo\/image\/","url":"https:\/\/sous-traitance.ch\/wp-content\/uploads\/2021\/11\/logo-sous-traitance-2-a-la-une.jpg","contentUrl":"https:\/\/sous-traitance.ch\/wp-content\/uploads\/2021\/11\/logo-sous-traitance-2-a-la-une.jpg","width":970,"height":706,"caption":"sous-traitance.ch - Usinage de pr\u00e9cision"},"image":{"@id":"https:\/\/sous-traitance.ch\/de\/#\/schema\/logo\/image\/"}}]}},"_links":{"self":[{"href":"https:\/\/sous-traitance.ch\/de\/wp-json\/wp\/v2\/pages\/29084","targetHints":{"allow":["GET"]}}],"collection":[{"href":"https:\/\/sous-traitance.ch\/de\/wp-json\/wp\/v2\/pages"}],"about":[{"href":"https:\/\/sous-traitance.ch\/de\/wp-json\/wp\/v2\/types\/page"}],"author":[{"embeddable":true,"href":"https:\/\/sous-traitance.ch\/de\/wp-json\/wp\/v2\/users\/1"}],"replies":[{"embeddable":true,"href":"https:\/\/sous-traitance.ch\/de\/wp-json\/wp\/v2\/comments?post=29084"}],"version-history":[{"count":20,"href":"https:\/\/sous-traitance.ch\/de\/wp-json\/wp\/v2\/pages\/29084\/revisions"}],"predecessor-version":[{"id":29257,"href":"https:\/\/sous-traitance.ch\/de\/wp-json\/wp\/v2\/pages\/29084\/revisions\/29257"}],"wp:featuredmedia":[{"embeddable":true,"href":"https:\/\/sous-traitance.ch\/de\/wp-json\/wp\/v2\/media\/29068"}],"wp:attachment":[{"href":"https:\/\/sous-traitance.ch\/de\/wp-json\/wp\/v2\/media?parent=29084"}],"curies":[{"name":"wp","href":"https:\/\/api.w.org\/{rel}","templated":true}]}}